{"id":273,"date":"2025-04-02T16:56:31","date_gmt":"2025-04-02T19:56:31","guid":{"rendered":"https:\/\/softsul.org.br\/gruposmgpdi\/?page_id=273"},"modified":"2025-04-02T18:25:56","modified_gmt":"2025-04-02T21:25:56","slug":"c3-medicao-de-criatividade-inovacao","status":"publish","type":"page","link":"https:\/\/softsul.org.br\/gruposmgpdi\/index.php\/c3-medicao-de-criatividade-inovacao\/","title":{"rendered":"C3 Medi\u00e7\u00e3o de criatividade  inova\u00e7\u00e3o"},"content":{"rendered":"\n<figure class=\"wp-block-image alignfull size-large\"><img loading=\"lazy\" decoding=\"async\" width=\"1024\" height=\"399\" src=\"https:\/\/softsul.org.br\/gruposmgpdi\/wp-content\/uploads\/2025\/03\/image-1-1024x399.png\" alt=\"\" class=\"wp-image-277\" srcset=\"https:\/\/softsul.org.br\/gruposmgpdi\/wp-content\/uploads\/2025\/03\/image-1-1024x399.png 1024w, https:\/\/softsul.org.br\/gruposmgpdi\/wp-content\/uploads\/2025\/03\/image-1-300x117.png 300w, https:\/\/softsul.org.br\/gruposmgpdi\/wp-content\/uploads\/2025\/03\/image-1-768x299.png 768w, https:\/\/softsul.org.br\/gruposmgpdi\/wp-content\/uploads\/2025\/03\/image-1.png 1336w\" sizes=\"auto, (max-width: 1024px) 100vw, 1024px\" \/><figcaption class=\"wp-element-caption\">_____________________________________________________________________________________________________________<\/figcaption><\/figure>\n\n\n\n<figure class=\"wp-block-image size-full is-resized\"><img loading=\"lazy\" decoding=\"async\" width=\"1301\" height=\"540\" src=\"https:\/\/softsul.org.br\/gruposmgpdi\/wp-content\/uploads\/2025\/04\/land2.png\" alt=\"\" class=\"wp-image-280\" style=\"width:1350px;height:auto\" srcset=\"https:\/\/softsul.org.br\/gruposmgpdi\/wp-content\/uploads\/2025\/04\/land2.png 1301w, https:\/\/softsul.org.br\/gruposmgpdi\/wp-content\/uploads\/2025\/04\/land2-300x125.png 300w, https:\/\/softsul.org.br\/gruposmgpdi\/wp-content\/uploads\/2025\/04\/land2-1024x425.png 1024w, https:\/\/softsul.org.br\/gruposmgpdi\/wp-content\/uploads\/2025\/04\/land2-768x319.png 768w\" sizes=\"auto, (max-width: 1301px) 100vw, 1301px\" \/><figcaption class=\"wp-element-caption\">_____________________________________________________________________________________________________________<\/figcaption><\/figure>\n\n\n\n<p class=\"\"><\/p>\n\n\n\n<figure class=\"wp-block-image alignfull size-large\"><img loading=\"lazy\" decoding=\"async\" width=\"1024\" height=\"517\" src=\"https:\/\/softsul.org.br\/gruposmgpdi\/wp-content\/uploads\/2025\/04\/land6-1024x517.png\" alt=\"\" class=\"wp-image-284\" srcset=\"https:\/\/softsul.org.br\/gruposmgpdi\/wp-content\/uploads\/2025\/04\/land6-1024x517.png 1024w, https:\/\/softsul.org.br\/gruposmgpdi\/wp-content\/uploads\/2025\/04\/land6-300x151.png 300w, https:\/\/softsul.org.br\/gruposmgpdi\/wp-content\/uploads\/2025\/04\/land6-768x387.png 768w, https:\/\/softsul.org.br\/gruposmgpdi\/wp-content\/uploads\/2025\/04\/land6.png 1358w\" sizes=\"auto, (max-width: 1024px) 100vw, 1024px\" \/><figcaption class=\"wp-element-caption\">_____________________________________________________________________________________________________________<\/figcaption><\/figure>\n\n\n\n<p class=\"\"><\/p>\n\n\n\n<figure class=\"wp-block-image alignfull size-large\"><img loading=\"lazy\" decoding=\"async\" width=\"1024\" height=\"403\" src=\"https:\/\/softsul.org.br\/gruposmgpdi\/wp-content\/uploads\/2025\/04\/land7-1024x403.png\" alt=\"\" class=\"wp-image-285\" srcset=\"https:\/\/softsul.org.br\/gruposmgpdi\/wp-content\/uploads\/2025\/04\/land7-1024x403.png 1024w, https:\/\/softsul.org.br\/gruposmgpdi\/wp-content\/uploads\/2025\/04\/land7-300x118.png 300w, https:\/\/softsul.org.br\/gruposmgpdi\/wp-content\/uploads\/2025\/04\/land7-768x302.png 768w, https:\/\/softsul.org.br\/gruposmgpdi\/wp-content\/uploads\/2025\/04\/land7.png 1323w\" sizes=\"auto, (max-width: 1024px) 100vw, 1024px\" \/><figcaption class=\"wp-element-caption\">_____________________________________________________________________________________________________________<\/figcaption><\/figure>\n\n\n\n<p class=\"\"><\/p>\n\n\n\n<figure class=\"wp-block-image alignfull size-large\"><img loading=\"lazy\" decoding=\"async\" width=\"1024\" height=\"416\" src=\"https:\/\/softsul.org.br\/gruposmgpdi\/wp-content\/uploads\/2025\/04\/land8-1024x416.png\" alt=\"\" class=\"wp-image-286\" srcset=\"https:\/\/softsul.org.br\/gruposmgpdi\/wp-content\/uploads\/2025\/04\/land8-1024x416.png 1024w, https:\/\/softsul.org.br\/gruposmgpdi\/wp-content\/uploads\/2025\/04\/land8-300x122.png 300w, https:\/\/softsul.org.br\/gruposmgpdi\/wp-content\/uploads\/2025\/04\/land8-768x312.png 768w, https:\/\/softsul.org.br\/gruposmgpdi\/wp-content\/uploads\/2025\/04\/land8.png 1319w\" sizes=\"auto, (max-width: 1024px) 100vw, 1024px\" \/><figcaption class=\"wp-element-caption\">_____________________________________________________________________________________________________________<\/figcaption><\/figure>\n\n\n\n<p class=\"\"><\/p>\n\n\n\n<figure class=\"wp-block-image alignfull size-large\"><img loading=\"lazy\" decoding=\"async\" width=\"1024\" height=\"412\" src=\"https:\/\/softsul.org.br\/gruposmgpdi\/wp-content\/uploads\/2025\/04\/land9-1024x412.png\" alt=\"\" class=\"wp-image-287\" srcset=\"https:\/\/softsul.org.br\/gruposmgpdi\/wp-content\/uploads\/2025\/04\/land9-1024x412.png 1024w, https:\/\/softsul.org.br\/gruposmgpdi\/wp-content\/uploads\/2025\/04\/land9-300x121.png 300w, https:\/\/softsul.org.br\/gruposmgpdi\/wp-content\/uploads\/2025\/04\/land9-768x309.png 768w, https:\/\/softsul.org.br\/gruposmgpdi\/wp-content\/uploads\/2025\/04\/land9.png 1331w\" sizes=\"auto, (max-width: 1024px) 100vw, 1024px\" \/><\/figure>\n\n\n\n<figure class=\"wp-block-image aligncenter size-large\"><img loading=\"lazy\" decoding=\"async\" width=\"1024\" height=\"119\" src=\"https:\/\/softsul.org.br\/gruposmgpdi\/wp-content\/uploads\/2025\/04\/land0-1024x119.png\" alt=\"\" class=\"wp-image-289\" srcset=\"https:\/\/softsul.org.br\/gruposmgpdi\/wp-content\/uploads\/2025\/04\/land0-1024x119.png 1024w, https:\/\/softsul.org.br\/gruposmgpdi\/wp-content\/uploads\/2025\/04\/land0-300x35.png 300w, https:\/\/softsul.org.br\/gruposmgpdi\/wp-content\/uploads\/2025\/04\/land0-768x89.png 768w, https:\/\/softsul.org.br\/gruposmgpdi\/wp-content\/uploads\/2025\/04\/land0.png 1339w\" sizes=\"auto, (max-width: 1024px) 100vw, 1024px\" \/><\/figure>\n\n\n\n<p class=\"\"><\/p>\n","protected":false},"excerpt":{"rendered":"","protected":false},"author":1,"featured_media":0,"parent":0,"menu_order":0,"comment_status":"closed","ping_status":"closed","template":"","meta":{"site-sidebar-layout":"default","site-content-layout":"default","ast-global-header-display":"","ast-main-header-display":"","ast-hfb-above-header-display":"","ast-hfb-below-header-display":"","ast-hfb-mobile-header-display":"","site-post-title":"disabled","ast-breadcrumbs-content":"","ast-featured-img":"","footer-sml-layout":"","theme-transparent-header-meta":"","adv-header-id-meta":"","stick-header-meta":"","header-above-stick-meta":"","header-main-stick-meta":"","header-below-stick-meta":"","_advanced_animation_props":"","_moveable":"","footnotes":""},"class_list":["post-273","page","type-page","status-publish","hentry"],"_links":{"self":[{"href":"https:\/\/softsul.org.br\/gruposmgpdi\/index.php\/wp-json\/wp\/v2\/pages\/273","targetHints":{"allow":["GET"]}}],"collection":[{"href":"https:\/\/softsul.org.br\/gruposmgpdi\/index.php\/wp-json\/wp\/v2\/pages"}],"about":[{"href":"https:\/\/softsul.org.br\/gruposmgpdi\/index.php\/wp-json\/wp\/v2\/types\/page"}],"author":[{"embeddable":true,"href":"https:\/\/softsul.org.br\/gruposmgpdi\/index.php\/wp-json\/wp\/v2\/users\/1"}],"replies":[{"embeddable":true,"href":"https:\/\/softsul.org.br\/gruposmgpdi\/index.php\/wp-json\/wp\/v2\/comments?post=273"}],"version-history":[{"count":10,"href":"https:\/\/softsul.org.br\/gruposmgpdi\/index.php\/wp-json\/wp\/v2\/pages\/273\/revisions"}],"predecessor-version":[{"id":313,"href":"https:\/\/softsul.org.br\/gruposmgpdi\/index.php\/wp-json\/wp\/v2\/pages\/273\/revisions\/313"}],"wp:attachment":[{"href":"https:\/\/softsul.org.br\/gruposmgpdi\/index.php\/wp-json\/wp\/v2\/media?parent=273"}],"curies":[{"name":"wp","href":"https:\/\/api.w.org\/{rel}","templated":true}]}}